{"id":70,"date":"2025-08-05T02:42:34","date_gmt":"2025-08-05T02:42:34","guid":{"rendered":"https:\/\/yinglongfire.com\/?page_id=70"},"modified":"2025-08-25T03:18:08","modified_gmt":"2025-08-25T03:18:08","slug":"blog","status":"publish","type":"page","link":"https:\/\/yinglongfire.com\/es\/blog\/","title":{"rendered":"Blog"},"content":{"rendered":"<div data-elementor-type=\"wp-page\" data-elementor-id=\"70\" class=\"elementor elementor-70\" data-elementor-post-type=\"page\">\n\t\t\t\t<div class=\"elementor-element elementor-element-6d4b111 e-flex e-con-boxed e-con e-parent\" data-id=\"6d4b111\" data-element_type=\"container\" data-e-type=\"container\" data-settings=\"{&quot;background_background&quot;:&quot;classic&quot;}\">\n\t\t\t\t\t<div class=\"e-con-inner\">\n\t\t\t\t<div class=\"elementor-element elementor-element-8bac335 elementor-widget elementor-widget-heading\" data-id=\"8bac335\" data-element_type=\"widget\" data-e-type=\"widget\" data-widget_type=\"heading.default\">\n\t\t\t\t\t<h1 class=\"elementor-heading-title elementor-size-default\">Noticias<\/h1>\t\t\t\t<\/div>\n\t\t\t\t<div class=\"elementor-element elementor-element-7dd8c33 elementor-align-center elementor-widget elementor-widget-breadcrumbs\" data-id=\"7dd8c33\" data-element_type=\"widget\" data-e-type=\"widget\" data-widget_type=\"breadcrumbs.default\">\n\t\t\t\t\t<p id=\"breadcrumbs\"><span><span><a href=\"https:\/\/yinglongfire.com\/es\/\">Inicio<\/a><\/span><\/span><\/p>\t\t\t\t<\/div>\n\t\t\t\t\t<\/div>\n\t\t\t\t<\/div>\n\t\t<div class=\"elementor-element elementor-element-55915ff e-flex e-con-boxed e-con e-parent\" data-id=\"55915ff\" data-element_type=\"container\" data-e-type=\"container\">\n\t\t\t\t\t<div class=\"e-con-inner\">\n\t\t<div class=\"elementor-element elementor-element-65a505c e-con-full e-flex e-con e-child\" data-id=\"65a505c\" data-element_type=\"container\" data-e-type=\"container\">\n\t\t\t\t<div class=\"elementor-element elementor-element-7cec7c9 elementor-grid-3 elementor-grid-tablet-2 elementor-grid-mobile-1 elementor-posts--thumbnail-top elementor-card-shadow-yes elementor-posts__hover-gradient elementor-widget elementor-widget-posts\" data-id=\"7cec7c9\" data-element_type=\"widget\" data-e-type=\"widget\" data-settings=\"{&quot;pagination_type&quot;:&quot;numbers_and_prev_next&quot;,&quot;cards_columns&quot;:&quot;3&quot;,&quot;cards_columns_tablet&quot;:&quot;2&quot;,&quot;cards_columns_mobile&quot;:&quot;1&quot;,&quot;cards_row_gap&quot;:{&quot;unit&quot;:&quot;px&quot;,&quot;size&quot;:35,&quot;sizes&quot;:[]},&quot;cards_row_gap_tablet&quot;:{&quot;unit&quot;:&quot;px&quot;,&quot;size&quot;:&quot;&quot;,&quot;sizes&quot;:[]},&quot;cards_row_gap_mobile&quot;:{&quot;unit&quot;:&quot;px&quot;,&quot;size&quot;:&quot;&quot;,&quot;sizes&quot;:[]}}\" data-widget_type=\"posts.cards\">\n\t\t\t\t<div class=\"elementor-widget-container\">\n\t\t\t\t\t\t\t<div class=\"elementor-posts-container elementor-posts elementor-posts--skin-cards elementor-grid\" role=\"list\">\n\t\t\t\t<article class=\"elementor-post elementor-grid-item post-1365 post type-post status-publish format-standard hentry category-blog\" role=\"listitem\">\n\t\t\t<div class=\"elementor-post__card\">\n\t\t\t\t<div class=\"elementor-post__text\">\n\t\t\t\t<h3 class=\"elementor-post__title\">\n\t\t\t<a href=\"https:\/\/yinglongfire.com\/es\/fire-alarm-valves-guide-2026\/\" >\n\t\t\t\tGu\u00eda de v\u00e1lvulas de alarma contra incendios 2026: 7 poderosas perspectivas para una protecci\u00f3n contra incendios m\u00e1s inteligente\t\t\t<\/a>\n\t\t<\/h3>\n\t\t\t\t<div class=\"elementor-post__excerpt\">\n\t\t\t<p>Las v\u00e1lvulas de alarma contra incendios desempe\u00f1an un papel fundamental en los sistemas modernos de protecci\u00f3n contra incendios. Desde el principio, debe comprender que estas v\u00e1lvulas no son s\u00f3lo<\/p>\n\t\t<\/div>\n\t\t\n\t\t<a class=\"elementor-post__read-more\" href=\"https:\/\/yinglongfire.com\/es\/fire-alarm-valves-guide-2026\/\" aria-label=\"M\u00e1s informaci\u00f3n sobre Fire Alarm Valves Guide 2026: 7 Powerful Insights for Smarter Fire Protection\" tabindex=\"-1\" >\n\t\t\tLeer M\u00e1s \"\t\t<\/a>\n\n\t\t\t\t<\/div>\n\t\t\t\t<div class=\"elementor-post__meta-data\">\n\t\t\t\t\t<span class=\"elementor-post-date\">\n\t\t\tmayo 10, 2026\t\t<\/span>\n\t\t\t\t<span class=\"elementor-post-avatar\">\n\t\t\tNo hay comentarios\t\t<\/span>\n\t\t\t\t<\/div>\n\t\t\t\t\t<\/div>\n\t\t<\/article>\n\t\t\t\t<article class=\"elementor-post elementor-grid-item post-1363 post type-post status-publish format-standard hentry category-blog\" role=\"listitem\">\n\t\t\t<div class=\"elementor-post__card\">\n\t\t\t\t<div class=\"elementor-post__text\">\n\t\t\t\t<h3 class=\"elementor-post__title\">\n\t\t\t<a href=\"https:\/\/yinglongfire.com\/es\/2026-guide-to-choose-the-right-fire-hose-manufacturer\/\" >\n\t\t\t\t2026 Gu\u00eda para elegir el fabricante adecuado de mangueras contra incendios\t\t\t<\/a>\n\t\t<\/h3>\n\t\t\t\t<div class=\"elementor-post__excerpt\">\n\t\t\t<p>Elegir el fabricante de mangueras contra incendios adecuado no es s\u00f3lo una decisi\u00f3n de compra, es una inversi\u00f3n en seguridad. Si est\u00e1 a cargo de las adquisiciones, ya sabe que<\/p>\n\t\t<\/div>\n\t\t\n\t\t<a class=\"elementor-post__read-more\" href=\"https:\/\/yinglongfire.com\/es\/2026-guide-to-choose-the-right-fire-hose-manufacturer\/\" aria-label=\"M\u00e1s informaci\u00f3n sobre 2026 Guide to Choose the Right Fire Hose Manufacturer\" tabindex=\"-1\" >\n\t\t\tLeer M\u00e1s \"\t\t<\/a>\n\n\t\t\t\t<\/div>\n\t\t\t\t<div class=\"elementor-post__meta-data\">\n\t\t\t\t\t<span class=\"elementor-post-date\">\n\t\t\tmayo 10, 2026\t\t<\/span>\n\t\t\t\t<span class=\"elementor-post-avatar\">\n\t\t\tNo hay comentarios\t\t<\/span>\n\t\t\t\t<\/div>\n\t\t\t\t\t<\/div>\n\t\t<\/article>\n\t\t\t\t<article class=\"elementor-post elementor-grid-item post-1359 post type-post status-publish format-standard hentry category-blog\" role=\"listitem\">\n\t\t\t<div class=\"elementor-post__card\">\n\t\t\t\t<div class=\"elementor-post__text\">\n\t\t\t\t<h3 class=\"elementor-post__title\">\n\t\t\t<a href=\"https:\/\/yinglongfire.com\/es\/fire-water-monitor-manufacturing-process-a-complete-guide-2026\/\" >\n\t\t\t\tProceso de Fabricaci\u00f3n de Monitores de Agua Contra Incendios: Una Gu\u00eda Completa 2026\t\t\t<\/a>\n\t\t<\/h3>\n\t\t\t\t<div class=\"elementor-post__excerpt\">\n\t\t\t<p>La seguridad contra incendios es una parte fundamental de las operaciones industriales. En sectores como el del petr\u00f3leo y el gas, las plantas qu\u00edmicas, la marina y los almacenes, los monitores de agua contra incendios desempe\u00f1an un papel fundamental.<\/p>\n\t\t<\/div>\n\t\t\n\t\t<a class=\"elementor-post__read-more\" href=\"https:\/\/yinglongfire.com\/es\/fire-water-monitor-manufacturing-process-a-complete-guide-2026\/\" aria-label=\"M\u00e1s informaci\u00f3n sobre Fire Water Monitor Manufacturing Process: A Complete Guide 2026\" tabindex=\"-1\" >\n\t\t\tLeer M\u00e1s \"\t\t<\/a>\n\n\t\t\t\t<\/div>\n\t\t\t\t<div class=\"elementor-post__meta-data\">\n\t\t\t\t\t<span class=\"elementor-post-date\">\n\t\t\tmayo 10, 2026\t\t<\/span>\n\t\t\t\t<span class=\"elementor-post-avatar\">\n\t\t\tNo hay comentarios\t\t<\/span>\n\t\t\t\t<\/div>\n\t\t\t\t\t<\/div>\n\t\t<\/article>\n\t\t\t\t<article class=\"elementor-post elementor-grid-item post-1355 post type-post status-publish format-standard has-post-thumbnail hentry category-blog\" role=\"listitem\">\n\t\t\t<div class=\"elementor-post__card\">\n\t\t\t\t<a class=\"elementor-post__thumbnail__link\" href=\"https:\/\/yinglongfire.com\/es\/powerful-insights-into-fire-fighting-equipment-production-process-that-drive-safety-success\/\" tabindex=\"-1\" ><div class=\"elementor-post__thumbnail\"><img fetchpriority=\"high\" decoding=\"async\" width=\"768\" height=\"432\" src=\"https:\/\/yinglongfire.com\/wp-content\/uploads\/2026\/03\/Fire-Fighting-Equipments-Product-Process-Featured-Image-768x432.jpg\" class=\"attachment-medium_large size-medium_large wp-image-1357\" alt=\"Fire Fighting Equipments Product Process Featured Image\" srcset=\"https:\/\/yinglongfire.com\/wp-content\/uploads\/2026\/03\/Fire-Fighting-Equipments-Product-Process-Featured-Image-768x432.jpg 768w, https:\/\/yinglongfire.com\/wp-content\/uploads\/2026\/03\/Fire-Fighting-Equipments-Product-Process-Featured-Image-300x169.jpg 300w, https:\/\/yinglongfire.com\/wp-content\/uploads\/2026\/03\/Fire-Fighting-Equipments-Product-Process-Featured-Image-1024x576.jpg 1024w, https:\/\/yinglongfire.com\/wp-content\/uploads\/2026\/03\/Fire-Fighting-Equipments-Product-Process-Featured-Image-18x10.jpg 18w, https:\/\/yinglongfire.com\/wp-content\/uploads\/2026\/03\/Fire-Fighting-Equipments-Product-Process-Featured-Image-600x338.jpg 600w, https:\/\/yinglongfire.com\/wp-content\/uploads\/2026\/03\/Fire-Fighting-Equipments-Product-Process-Featured-Image.jpg 1500w\" sizes=\"(max-width: 768px) 100vw, 768px\" \/><\/div><\/a>\n\t\t\t\t<div class=\"elementor-post__text\">\n\t\t\t\t<h3 class=\"elementor-post__title\">\n\t\t\t<a href=\"https:\/\/yinglongfire.com\/es\/powerful-insights-into-fire-fighting-equipment-production-process-that-drive-safety-success\/\" >\n\t\t\t\tInformaci\u00f3n sobre el proceso de producci\u00f3n de equipos contra incendios que contribuye al \u00e9xito de la seguridad\t\t\t<\/a>\n\t\t<\/h3>\n\t\t\t\t<div class=\"elementor-post__excerpt\">\n\t\t\t<p>La seguridad contra incendios no es algo que se deje al azar. El proceso de producci\u00f3n de equipos contra incendios desempe\u00f1a un papel vital en la protecci\u00f3n de vidas, bienes e infraestructuras. En<\/p>\n\t\t<\/div>\n\t\t\n\t\t<a class=\"elementor-post__read-more\" href=\"https:\/\/yinglongfire.com\/es\/powerful-insights-into-fire-fighting-equipment-production-process-that-drive-safety-success\/\" aria-label=\"M\u00e1s informaci\u00f3n sobre Powerful Insights Into Fire-Fighting Equipment Production Process That Drive Safety Success\" tabindex=\"-1\" >\n\t\t\tLeer M\u00e1s \"\t\t<\/a>\n\n\t\t\t\t<\/div>\n\t\t\t\t<div class=\"elementor-post__meta-data\">\n\t\t\t\t\t<span class=\"elementor-post-date\">\n\t\t\t11 de marzo de 2026\t\t<\/span>\n\t\t\t\t<span class=\"elementor-post-avatar\">\n\t\t\tNo hay comentarios\t\t<\/span>\n\t\t\t\t<\/div>\n\t\t\t\t\t<\/div>\n\t\t<\/article>\n\t\t\t\t<article class=\"elementor-post elementor-grid-item post-1347 post type-post status-publish format-standard has-post-thumbnail hentry category-blog\" role=\"listitem\">\n\t\t\t<div class=\"elementor-post__card\">\n\t\t\t\t<a class=\"elementor-post__thumbnail__link\" href=\"https:\/\/yinglongfire.com\/es\/fire-extinguisher-manufacturer-powerful-tips-to-avoid-costly-mistakes\/\" tabindex=\"-1\" ><div class=\"elementor-post__thumbnail\"><img decoding=\"async\" width=\"768\" height=\"576\" src=\"https:\/\/yinglongfire.com\/wp-content\/uploads\/2026\/04\/Fire-Extinguisher-Manufacturer-Powerful-Tips-to-Avoid-Costly-Mistakes-768x576.jpg\" class=\"attachment-medium_large size-medium_large wp-image-1349\" alt=\"Fire Extinguisher Manufacturer Powerful Tips to Avoid Costly Mistakes\" srcset=\"https:\/\/yinglongfire.com\/wp-content\/uploads\/2026\/04\/Fire-Extinguisher-Manufacturer-Powerful-Tips-to-Avoid-Costly-Mistakes-768x576.jpg 768w, https:\/\/yinglongfire.com\/wp-content\/uploads\/2026\/04\/Fire-Extinguisher-Manufacturer-Powerful-Tips-to-Avoid-Costly-Mistakes-300x225.jpg 300w, https:\/\/yinglongfire.com\/wp-content\/uploads\/2026\/04\/Fire-Extinguisher-Manufacturer-Powerful-Tips-to-Avoid-Costly-Mistakes-1024x768.jpg 1024w, https:\/\/yinglongfire.com\/wp-content\/uploads\/2026\/04\/Fire-Extinguisher-Manufacturer-Powerful-Tips-to-Avoid-Costly-Mistakes-16x12.jpg 16w, https:\/\/yinglongfire.com\/wp-content\/uploads\/2026\/04\/Fire-Extinguisher-Manufacturer-Powerful-Tips-to-Avoid-Costly-Mistakes-600x450.jpg 600w, https:\/\/yinglongfire.com\/wp-content\/uploads\/2026\/04\/Fire-Extinguisher-Manufacturer-Powerful-Tips-to-Avoid-Costly-Mistakes.jpg 1200w\" sizes=\"(max-width: 768px) 100vw, 768px\" \/><\/div><\/a>\n\t\t\t\t<div class=\"elementor-post__text\">\n\t\t\t\t<h3 class=\"elementor-post__title\">\n\t\t\t<a href=\"https:\/\/yinglongfire.com\/es\/fire-extinguisher-manufacturer-powerful-tips-to-avoid-costly-mistakes\/\" >\n\t\t\t\tFabricante de extintores: Consejos poderosos para evitar errores costosos\t\t\t<\/a>\n\t\t<\/h3>\n\t\t\t\t<div class=\"elementor-post__excerpt\">\n\t\t\t<p>Elegir el fabricante de extintores adecuado no es s\u00f3lo una decisi\u00f3n de compra, es un compromiso de seguridad. En f\u00e1bricas, oficinas, almacenes y obras de construcci\u00f3n, un fallo<\/p>\n\t\t<\/div>\n\t\t\n\t\t<a class=\"elementor-post__read-more\" href=\"https:\/\/yinglongfire.com\/es\/fire-extinguisher-manufacturer-powerful-tips-to-avoid-costly-mistakes\/\" aria-label=\"M\u00e1s informaci\u00f3n sobre Fire Extinguisher Manufacturer: Powerful Tips to Avoid Costly Mistakes\" tabindex=\"-1\" >\n\t\t\tLeer M\u00e1s \"\t\t<\/a>\n\n\t\t\t\t<\/div>\n\t\t\t\t<div class=\"elementor-post__meta-data\">\n\t\t\t\t\t<span class=\"elementor-post-date\">\n\t\t\t5 de marzo de 2026\t\t<\/span>\n\t\t\t\t<span class=\"elementor-post-avatar\">\n\t\t\tNo hay comentarios\t\t<\/span>\n\t\t\t\t<\/div>\n\t\t\t\t\t<\/div>\n\t\t<\/article>\n\t\t\t\t<article class=\"elementor-post elementor-grid-item post-1344 post type-post status-publish format-standard has-post-thumbnail hentry category-blog\" role=\"listitem\">\n\t\t\t<div class=\"elementor-post__card\">\n\t\t\t\t<a class=\"elementor-post__thumbnail__link\" href=\"https:\/\/yinglongfire.com\/es\/fire-water-monitor-2026-the-future-of-industrial-fire-protection\/\" tabindex=\"-1\" ><div class=\"elementor-post__thumbnail\"><img decoding=\"async\" width=\"768\" height=\"576\" src=\"https:\/\/yinglongfire.com\/wp-content\/uploads\/2026\/04\/Fire-Water-Monitor-2026-The-Future-of-Industrial-Fire-Protection-768x576.jpg\" class=\"attachment-medium_large size-medium_large wp-image-1345\" alt=\"Fire Water Monitor 2026 The Future of Industrial Fire Protection\" srcset=\"https:\/\/yinglongfire.com\/wp-content\/uploads\/2026\/04\/Fire-Water-Monitor-2026-The-Future-of-Industrial-Fire-Protection-768x576.jpg 768w, https:\/\/yinglongfire.com\/wp-content\/uploads\/2026\/04\/Fire-Water-Monitor-2026-The-Future-of-Industrial-Fire-Protection-300x225.jpg 300w, https:\/\/yinglongfire.com\/wp-content\/uploads\/2026\/04\/Fire-Water-Monitor-2026-The-Future-of-Industrial-Fire-Protection-1024x768.jpg 1024w, https:\/\/yinglongfire.com\/wp-content\/uploads\/2026\/04\/Fire-Water-Monitor-2026-The-Future-of-Industrial-Fire-Protection-16x12.jpg 16w, https:\/\/yinglongfire.com\/wp-content\/uploads\/2026\/04\/Fire-Water-Monitor-2026-The-Future-of-Industrial-Fire-Protection-600x450.jpg 600w, https:\/\/yinglongfire.com\/wp-content\/uploads\/2026\/04\/Fire-Water-Monitor-2026-The-Future-of-Industrial-Fire-Protection.jpg 1200w\" sizes=\"(max-width: 768px) 100vw, 768px\" \/><\/div><\/a>\n\t\t\t\t<div class=\"elementor-post__text\">\n\t\t\t\t<h3 class=\"elementor-post__title\">\n\t\t\t<a href=\"https:\/\/yinglongfire.com\/es\/fire-water-monitor-2026-the-future-of-industrial-fire-protection\/\" >\n\t\t\t\tFire Water Monitor 2026: el futuro de la protecci\u00f3n contra incendios industriales\t\t\t<\/a>\n\t\t<\/h3>\n\t\t\t\t<div class=\"elementor-post__excerpt\">\n\t\t\t<p>Un monitor de agua contra incendios es una de las herramientas m\u00e1s importantes de los sistemas modernos de protecci\u00f3n contra incendios. Suministra agua a alta presi\u00f3n o espuma para controlar y<\/p>\n\t\t<\/div>\n\t\t\n\t\t<a class=\"elementor-post__read-more\" href=\"https:\/\/yinglongfire.com\/es\/fire-water-monitor-2026-the-future-of-industrial-fire-protection\/\" aria-label=\"M\u00e1s informaci\u00f3n sobre Fire Water Monitor 2026: The Future of Industrial Fire Protection\" tabindex=\"-1\" >\n\t\t\tLeer M\u00e1s \"\t\t<\/a>\n\n\t\t\t\t<\/div>\n\t\t\t\t<div class=\"elementor-post__meta-data\">\n\t\t\t\t\t<span class=\"elementor-post-date\">\n\t\t\t27 de febrero de 2026\t\t<\/span>\n\t\t\t\t<span class=\"elementor-post-avatar\">\n\t\t\tNo hay comentarios\t\t<\/span>\n\t\t\t\t<\/div>\n\t\t\t\t\t<\/div>\n\t\t<\/article>\n\t\t\t\t<\/div>\n\t\t\n\t\t\t\t<div class=\"e-load-more-anchor\" data-page=\"1\" data-max-page=\"5\" data-next-page=\"https:\/\/yinglongfire.com\/es\/wp-json\/wp\/v2\/pages\/70\/page\/2\/\"><\/div>\n\t\t\t\t<nav class=\"elementor-pagination\" aria-label=\"Paginaci\u00f3n\">\n\t\t\t<span class=\"page-numbers prev\">\u00ab Anterior<\/span>\n<span aria-current=\"page\" class=\"page-numbers current\"><span class=\"elementor-screen-only\">P\u00e1gina<\/span>1<\/span>\n<a class=\"page-numbers\" href=\"https:\/\/yinglongfire.com\/es\/wp-json\/wp\/v2\/pages\/70\/page\/2\/\"><span class=\"elementor-screen-only\">P\u00e1gina<\/span>2<\/a>\n<a class=\"page-numbers\" href=\"https:\/\/yinglongfire.com\/es\/wp-json\/wp\/v2\/pages\/70\/page\/3\/\"><span class=\"elementor-screen-only\">P\u00e1gina<\/span>3<\/a>\n<a class=\"page-numbers\" href=\"https:\/\/yinglongfire.com\/es\/wp-json\/wp\/v2\/pages\/70\/page\/4\/\"><span class=\"elementor-screen-only\">P\u00e1gina<\/span>4<\/a>\n<a class=\"page-numbers\" href=\"https:\/\/yinglongfire.com\/es\/wp-json\/wp\/v2\/pages\/70\/page\/5\/\"><span class=\"elementor-screen-only\">P\u00e1gina<\/span>5<\/a>\n<a class=\"page-numbers next\" href=\"https:\/\/yinglongfire.com\/es\/wp-json\/wp\/v2\/pages\/70\/page\/2\/\">Siguiente \u00bb<\/a>\t\t<\/nav>\n\t\t\t\t\t\t<\/div>\n\t\t\t\t<\/div>\n\t\t\t\t<\/div>\n\t\t\t\t\t<\/div>\n\t\t\t\t<\/div>\n\t\t\t\t<\/div>","protected":false},"excerpt":{"rendered":"<p>Noticias<\/p>","protected":false},"author":1,"featured_media":0,"parent":0,"menu_order":0,"comment_status":"closed","ping_status":"closed","template":"","meta":{"_acf_changed":false,"footnotes":""},"class_list":["post-70","page","type-page","status-publish","hentry"],"acf":[],"yoast_head":"<!-- This site is optimized with the Yoast SEO plugin v27.5 - https:\/\/yoast.com\/product\/yoast-seo-wordpress\/ -->\n<title>Blog - Yinglong Fire<\/title>\n<meta name=\"robots\" content=\"index, follow, max-snippet:-1, max-image-preview:large, max-video-preview:-1\" \/>\n<link rel=\"canonical\" href=\"https:\/\/yinglongfire.com\/es\/blog\/\" \/>\n<meta property=\"og:locale\" content=\"es_ES\" \/>\n<meta property=\"og:type\" content=\"article\" \/>\n<meta property=\"og:title\" content=\"Blog - Yinglong Fire\" \/>\n<meta property=\"og:description\" content=\"News\" \/>\n<meta property=\"og:url\" content=\"https:\/\/yinglongfire.com\/es\/blog\/\" \/>\n<meta property=\"og:site_name\" content=\"Yinglong Fire\" \/>\n<meta property=\"article:modified_time\" content=\"2025-08-25T03:18:08+00:00\" \/>\n<meta name=\"twitter:card\" content=\"summary_large_image\" \/>\n<meta name=\"twitter:label1\" content=\"Tiempo de lectura\" \/>\n\t<meta name=\"twitter:data1\" content=\"1 minuto\" \/>\n<script type=\"application\/ld+json\" class=\"yoast-schema-graph\">{\"@context\":\"https:\\\/\\\/schema.org\",\"@graph\":[{\"@type\":\"WebPage\",\"@id\":\"https:\\\/\\\/yinglongfire.com\\\/blog\\\/\",\"url\":\"https:\\\/\\\/yinglongfire.com\\\/blog\\\/\",\"name\":\"Blog - Yinglong Fire\",\"isPartOf\":{\"@id\":\"https:\\\/\\\/yinglongfire.com\\\/#website\"},\"datePublished\":\"2025-08-05T02:42:34+00:00\",\"dateModified\":\"2025-08-25T03:18:08+00:00\",\"breadcrumb\":{\"@id\":\"https:\\\/\\\/yinglongfire.com\\\/blog\\\/#breadcrumb\"},\"inLanguage\":\"es\",\"potentialAction\":[{\"@type\":\"ReadAction\",\"target\":[\"https:\\\/\\\/yinglongfire.com\\\/blog\\\/\"]}]},{\"@type\":\"BreadcrumbList\",\"@id\":\"https:\\\/\\\/yinglongfire.com\\\/blog\\\/#breadcrumb\",\"itemListElement\":[{\"@type\":\"ListItem\",\"position\":1,\"name\":\"Home\",\"item\":\"https:\\\/\\\/yinglongfire.com\\\/\"},{\"@type\":\"ListItem\",\"position\":2,\"name\":\"Blog\"}]},{\"@type\":\"WebSite\",\"@id\":\"https:\\\/\\\/yinglongfire.com\\\/#website\",\"url\":\"https:\\\/\\\/yinglongfire.com\\\/\",\"name\":\"Yinglong Fire\",\"description\":\"\",\"publisher\":{\"@id\":\"https:\\\/\\\/yinglongfire.com\\\/#organization\"},\"potentialAction\":[{\"@type\":\"SearchAction\",\"target\":{\"@type\":\"EntryPoint\",\"urlTemplate\":\"https:\\\/\\\/yinglongfire.com\\\/?s={search_term_string}\"},\"query-input\":{\"@type\":\"PropertyValueSpecification\",\"valueRequired\":true,\"valueName\":\"search_term_string\"}}],\"inLanguage\":\"es\"},{\"@type\":\"Organization\",\"@id\":\"https:\\\/\\\/yinglongfire.com\\\/#organization\",\"name\":\"Yinglong Fire\",\"url\":\"https:\\\/\\\/yinglongfire.com\\\/\",\"logo\":{\"@type\":\"ImageObject\",\"inLanguage\":\"es\",\"@id\":\"https:\\\/\\\/yinglongfire.com\\\/#\\\/schema\\\/logo\\\/image\\\/\",\"url\":\"https:\\\/\\\/yinglongfire.com\\\/wp-content\\\/uploads\\\/2025\\\/08\\\/Ying-Long-Fire-Logo-2026-Black.png\",\"contentUrl\":\"https:\\\/\\\/yinglongfire.com\\\/wp-content\\\/uploads\\\/2025\\\/08\\\/Ying-Long-Fire-Logo-2026-Black.png\",\"width\":580,\"height\":166,\"caption\":\"Yinglong Fire\"},\"image\":{\"@id\":\"https:\\\/\\\/yinglongfire.com\\\/#\\\/schema\\\/logo\\\/image\\\/\"}}]}<\/script>\n<!-- \/ Yoast SEO plugin. -->","yoast_head_json":{"title":"Blog - Yinglong Fire","robots":{"index":"index","follow":"follow","max-snippet":"max-snippet:-1","max-image-preview":"max-image-preview:large","max-video-preview":"max-video-preview:-1"},"canonical":"https:\/\/yinglongfire.com\/es\/blog\/","og_locale":"es_ES","og_type":"article","og_title":"Blog - Yinglong Fire","og_description":"News","og_url":"https:\/\/yinglongfire.com\/es\/blog\/","og_site_name":"Yinglong Fire","article_modified_time":"2025-08-25T03:18:08+00:00","twitter_card":"summary_large_image","twitter_misc":{"Tiempo de lectura":"1 minuto"},"schema":{"@context":"https:\/\/schema.org","@graph":[{"@type":"WebPage","@id":"https:\/\/yinglongfire.com\/blog\/","url":"https:\/\/yinglongfire.com\/blog\/","name":"Blog - Yinglong Fire","isPartOf":{"@id":"https:\/\/yinglongfire.com\/#website"},"datePublished":"2025-08-05T02:42:34+00:00","dateModified":"2025-08-25T03:18:08+00:00","breadcrumb":{"@id":"https:\/\/yinglongfire.com\/blog\/#breadcrumb"},"inLanguage":"es","potentialAction":[{"@type":"ReadAction","target":["https:\/\/yinglongfire.com\/blog\/"]}]},{"@type":"BreadcrumbList","@id":"https:\/\/yinglongfire.com\/blog\/#breadcrumb","itemListElement":[{"@type":"ListItem","position":1,"name":"Home","item":"https:\/\/yinglongfire.com\/"},{"@type":"ListItem","position":2,"name":"Blog"}]},{"@type":"WebSite","@id":"https:\/\/yinglongfire.com\/#website","url":"https:\/\/yinglongfire.com\/","name":"Fuego de Yinglong","description":"","publisher":{"@id":"https:\/\/yinglongfire.com\/#organization"},"potentialAction":[{"@type":"SearchAction","target":{"@type":"EntryPoint","urlTemplate":"https:\/\/yinglongfire.com\/?s={search_term_string}"},"query-input":{"@type":"PropertyValueSpecification","valueRequired":true,"valueName":"search_term_string"}}],"inLanguage":"es"},{"@type":"Organization","@id":"https:\/\/yinglongfire.com\/#organization","name":"Fuego de Yinglong","url":"https:\/\/yinglongfire.com\/","logo":{"@type":"ImageObject","inLanguage":"es","@id":"https:\/\/yinglongfire.com\/#\/schema\/logo\/image\/","url":"https:\/\/yinglongfire.com\/wp-content\/uploads\/2025\/08\/Ying-Long-Fire-Logo-2026-Black.png","contentUrl":"https:\/\/yinglongfire.com\/wp-content\/uploads\/2025\/08\/Ying-Long-Fire-Logo-2026-Black.png","width":580,"height":166,"caption":"Yinglong Fire"},"image":{"@id":"https:\/\/yinglongfire.com\/#\/schema\/logo\/image\/"}}]}},"_links":{"self":[{"href":"https:\/\/yinglongfire.com\/es\/wp-json\/wp\/v2\/pages\/70","targetHints":{"allow":["GET"]}}],"collection":[{"href":"https:\/\/yinglongfire.com\/es\/wp-json\/wp\/v2\/pages"}],"about":[{"href":"https:\/\/yinglongfire.com\/es\/wp-json\/wp\/v2\/types\/page"}],"author":[{"embeddable":true,"href":"https:\/\/yinglongfire.com\/es\/wp-json\/wp\/v2\/users\/1"}],"replies":[{"embeddable":true,"href":"https:\/\/yinglongfire.com\/es\/wp-json\/wp\/v2\/comments?post=70"}],"version-history":[{"count":14,"href":"https:\/\/yinglongfire.com\/es\/wp-json\/wp\/v2\/pages\/70\/revisions"}],"predecessor-version":[{"id":1232,"href":"https:\/\/yinglongfire.com\/es\/wp-json\/wp\/v2\/pages\/70\/revisions\/1232"}],"wp:attachment":[{"href":"https:\/\/yinglongfire.com\/es\/wp-json\/wp\/v2\/media?parent=70"}],"curies":[{"name":"wp","href":"https:\/\/api.w.org\/{rel}","templated":true}]}}